{"id":5140,"date":"2024-12-11T16:26:37","date_gmt":"2024-12-11T15:26:37","guid":{"rendered":"https:\/\/vspoechlarn.ac.at\/wordpress\/?page_id=5140"},"modified":"2024-12-12T08:23:35","modified_gmt":"2024-12-12T07:23:35","slug":"2024-25","status":"publish","type":"page","link":"https:\/\/vspoechlarn.ac.at\/wordpress\/2024-25\/","title":{"rendered":"2024-25"},"content":{"rendered":"<h2>1a<\/h2>\n<p>Klassenlehrerin: VOL Doris Langer<\/p>\n<p>19 Sch\u00fcler*innen<\/p>\n<div id=\"gallery_5140_1\" class=\"row\">\r\n\t    \t<div id=\"5140-image-5155\" class=\"col-xs-12 col-sm-4 col-md-4\">\r\n        \t\t\t\t\t\r\n\t\t\t<div class=\"thumbnail\">\r\n        \t\t\t\t\t\r\n\t\t\t\t<a href='https:\/\/vspoechlarn.ac.at\/wordpress\/2024-25\/pk13b002-mittel\/'><img loading=\"lazy\" decoding=\"async\" width=\"900\" height=\"677\" src=\"https:\/\/vspoechlarn.ac.at\/wordpress\/wp-content\/uploads\/2024\/12\/PK13B002-Mittel.jpg\" class=\"attachment-large size-large\" alt=\"\" srcset=\"https:\/\/vspoechlarn.ac.at\/wordpress\/wp-content\/uploads\/2024\/12\/PK13B002-Mittel.jpg 1021w, https:\/\/vspoechlarn.ac.at\/wordpress\/wp-content\/uploads\/2024\/12\/PK13B002-Mittel-350x263.jpg 350w, https:\/\/vspoechlarn.ac.at\/wordpress\/wp-content\/uploads\/2024\/12\/PK13B002-Mittel-250x188.jpg 250w\" sizes=\"auto, (max-width: 900px) 100vw, 900px\" \/><\/a>            <\/div>\r\n        <\/div>\r\n    \r\n<\/div>\n<h2>1b<\/h2>\n<p>Klassenlehrerin: vVL Nina Ess<\/p>\n<p>18 Sch\u00fcler*innen<\/p>\n<div id=\"gallery_5140_2\" class=\"row\">\r\n\t    \t<div id=\"5140-image-5156\" class=\"col-xs-12 col-sm-4 col-md-4\">\r\n        \t\t\t\t\t\r\n\t\t\t<div class=\"thumbnail\">\r\n        \t\t\t\t\t\r\n\t\t\t\t<a href='https:\/\/vspoechlarn.ac.at\/wordpress\/2024-25\/pk12b011-mittel\/'><img loading=\"lazy\" decoding=\"async\" width=\"900\" height=\"678\" src=\"https:\/\/vspoechlarn.ac.at\/wordpress\/wp-content\/uploads\/2024\/12\/PK12B011-Mittel.jpg\" class=\"attachment-large size-large\" alt=\"\" srcset=\"https:\/\/vspoechlarn.ac.at\/wordpress\/wp-content\/uploads\/2024\/12\/PK12B011-Mittel.jpg 1020w, https:\/\/vspoechlarn.ac.at\/wordpress\/wp-content\/uploads\/2024\/12\/PK12B011-Mittel-350x264.jpg 350w, https:\/\/vspoechlarn.ac.at\/wordpress\/wp-content\/uploads\/2024\/12\/PK12B011-Mittel-250x188.jpg 250w\" sizes=\"auto, (max-width: 900px) 100vw, 900px\" \/><\/a>            <\/div>\r\n        <\/div>\r\n    \r\n<\/div>\n<hr \/>\n<h2>2a<\/h2>\n<p>Klassenlehrerin: VOL Elisabeth Atzm\u00fcller<\/p>\n<p>15 Sch\u00fcler*innen<\/p>\n<div id=\"gallery_5140_3\" class=\"row\">\r\n\t    \t<div id=\"5140-image-5152\" class=\"col-xs-12 col-sm-4 col-md-4\">\r\n        \t\t\t\t\t\r\n\t\t\t<div class=\"thumbnail\">\r\n        \t\t\t\t\t\r\n\t\t\t\t<a href='https:\/\/vspoechlarn.ac.at\/wordpress\/2024-25\/pk19b014-mittel\/'><img loading=\"lazy\" decoding=\"async\" width=\"900\" height=\"678\" src=\"https:\/\/vspoechlarn.ac.at\/wordpress\/wp-content\/uploads\/2024\/12\/PK19B014-Mittel.jpg\" class=\"attachment-large size-large\" alt=\"\" srcset=\"https:\/\/vspoechlarn.ac.at\/wordpress\/wp-content\/uploads\/2024\/12\/PK19B014-Mittel.jpg 1020w, https:\/\/vspoechlarn.ac.at\/wordpress\/wp-content\/uploads\/2024\/12\/PK19B014-Mittel-350x264.jpg 350w, https:\/\/vspoechlarn.ac.at\/wordpress\/wp-content\/uploads\/2024\/12\/PK19B014-Mittel-250x188.jpg 250w\" sizes=\"auto, (max-width: 900px) 100vw, 900px\" \/><\/a>            <\/div>\r\n        <\/div>\r\n    \r\n<\/div>\n<hr \/>\n<h2>2b<\/h2>\n<p>Klassenlehrerin: vVL Michelle Eder<\/p>\n<p>18 Sch\u00fcler*innen<\/p>\n<div id=\"gallery_5140_4\" class=\"row\">\r\n\t    \t<div id=\"5140-image-5151\" class=\"col-xs-12 col-sm-4 col-md-4\">\r\n        \t\t\t\t\t\r\n\t\t\t<div class=\"thumbnail\">\r\n        \t\t\t\t\t\r\n\t\t\t\t<a href='https:\/\/vspoechlarn.ac.at\/wordpress\/2024-25\/pk18b010-mittel\/'><img loading=\"lazy\" decoding=\"async\" width=\"900\" height=\"678\" src=\"https:\/\/vspoechlarn.ac.at\/wordpress\/wp-content\/uploads\/2024\/12\/PK18B010-Mittel.jpg\" class=\"attachment-large size-large\" alt=\"\" srcset=\"https:\/\/vspoechlarn.ac.at\/wordpress\/wp-content\/uploads\/2024\/12\/PK18B010-Mittel.jpg 1020w, https:\/\/vspoechlarn.ac.at\/wordpress\/wp-content\/uploads\/2024\/12\/PK18B010-Mittel-350x264.jpg 350w, https:\/\/vspoechlarn.ac.at\/wordpress\/wp-content\/uploads\/2024\/12\/PK18B010-Mittel-250x188.jpg 250w\" sizes=\"auto, (max-width: 900px) 100vw, 900px\" \/><\/a>            <\/div>\r\n        <\/div>\r\n    \r\n<\/div>\n<hr \/>\n<h2>3a<\/h2>\n<p>Klassenlehrerin: VOL Birgit Rausch<\/p>\n<p>15 Sch\u00fcler*innen<\/p>\n<div id=\"gallery_5140_5\" class=\"row\">\r\n\t    \t<div id=\"5140-image-5153\" class=\"col-xs-12 col-sm-4 col-md-4\">\r\n        \t\t\t\t\t\r\n\t\t\t<div class=\"thumbnail\">\r\n        \t\t\t\t\t\r\n\t\t\t\t<a href='https:\/\/vspoechlarn.ac.at\/wordpress\/2024-25\/pk15b004-mittel\/'><img loading=\"lazy\" decoding=\"async\" width=\"900\" height=\"678\" src=\"https:\/\/vspoechlarn.ac.at\/wordpress\/wp-content\/uploads\/2024\/12\/PK15B004-Mittel.jpg\" class=\"attachment-large size-large\" alt=\"\" srcset=\"https:\/\/vspoechlarn.ac.at\/wordpress\/wp-content\/uploads\/2024\/12\/PK15B004-Mittel.jpg 1020w, https:\/\/vspoechlarn.ac.at\/wordpress\/wp-content\/uploads\/2024\/12\/PK15B004-Mittel-350x264.jpg 350w, https:\/\/vspoechlarn.ac.at\/wordpress\/wp-content\/uploads\/2024\/12\/PK15B004-Mittel-250x188.jpg 250w\" sizes=\"auto, (max-width: 900px) 100vw, 900px\" \/><\/a>            <\/div>\r\n        <\/div>\r\n    \r\n<\/div>\n<hr \/>\n<h2>3b<\/h2>\n<p>Klassenlehrerin: vVL Christina Bayerl<\/p>\n<p>14 Sch\u00fcler*innen<\/p>\n<div id=\"gallery_5140_6\" class=\"row\">\r\n\t    \t<div id=\"5140-image-5154\" class=\"col-xs-12 col-sm-4 col-md-4\">\r\n        \t\t\t\t\t\r\n\t\t\t<div class=\"thumbnail\">\r\n        \t\t\t\t\t\r\n\t\t\t\t<a href='https:\/\/vspoechlarn.ac.at\/wordpress\/2024-25\/pk14b004-mittel\/'><img loading=\"lazy\" decoding=\"async\" width=\"900\" height=\"678\" src=\"https:\/\/vspoechlarn.ac.at\/wordpress\/wp-content\/uploads\/2024\/12\/PK14B004-Mittel.jpg\" class=\"attachment-large size-large\" alt=\"\" srcset=\"https:\/\/vspoechlarn.ac.at\/wordpress\/wp-content\/uploads\/2024\/12\/PK14B004-Mittel.jpg 1020w, https:\/\/vspoechlarn.ac.at\/wordpress\/wp-content\/uploads\/2024\/12\/PK14B004-Mittel-350x264.jpg 350w, https:\/\/vspoechlarn.ac.at\/wordpress\/wp-content\/uploads\/2024\/12\/PK14B004-Mittel-250x188.jpg 250w\" sizes=\"auto, (max-width: 900px) 100vw, 900px\" \/><\/a>            <\/div>\r\n        <\/div>\r\n    \r\n<\/div>\n<hr \/>\n<h2>4a<\/h2>\n<p>Klassenlehrerin: VOL Regina Eder<\/p>\n<p>19 Sch\u00fcler*innen<\/p>\n<div id=\"gallery_5140_7\" class=\"row\">\r\n\t    \t<div id=\"5140-image-5149\" class=\"col-xs-12 col-sm-4 col-md-4\">\r\n        \t\t\t\t\t\r\n\t\t\t<div class=\"thumbnail\">\r\n        \t\t\t\t\t\r\n\t\t\t\t<a href='https:\/\/vspoechlarn.ac.at\/wordpress\/2024-25\/pk16b010-mittel\/'><img loading=\"lazy\" decoding=\"async\" width=\"900\" height=\"677\" src=\"https:\/\/vspoechlarn.ac.at\/wordpress\/wp-content\/uploads\/2024\/12\/PK16B010-Mittel.jpg\" class=\"attachment-large size-large\" alt=\"\" srcset=\"https:\/\/vspoechlarn.ac.at\/wordpress\/wp-content\/uploads\/2024\/12\/PK16B010-Mittel.jpg 1021w, https:\/\/vspoechlarn.ac.at\/wordpress\/wp-content\/uploads\/2024\/12\/PK16B010-Mittel-350x263.jpg 350w, https:\/\/vspoechlarn.ac.at\/wordpress\/wp-content\/uploads\/2024\/12\/PK16B010-Mittel-250x188.jpg 250w\" sizes=\"auto, (max-width: 900px) 100vw, 900px\" \/><\/a>            <\/div>\r\n        <\/div>\r\n    \r\n<\/div>\n<hr \/>\n<h2>4b<\/h2>\n<p>Klassenlehrerin: vVL Christina Crepaz<\/p>\n<p>16 Sch\u00fcler*innen<\/p>\n<div id=\"gallery_5140_8\" class=\"row\">\r\n\t    \t<div id=\"5140-image-5150\" class=\"col-xs-12 col-sm-4 col-md-4\">\r\n        \t\t\t\t\t\r\n\t\t\t<div class=\"thumbnail\">\r\n        \t\t\t\t\t\r\n\t\t\t\t<a href='https:\/\/vspoechlarn.ac.at\/wordpress\/2024-25\/pk17b004-mittel\/'><img loading=\"lazy\" decoding=\"async\" width=\"900\" height=\"678\" src=\"https:\/\/vspoechlarn.ac.at\/wordpress\/wp-content\/uploads\/2024\/12\/PK17B004-Mittel.jpg\" class=\"attachment-large size-large\" alt=\"\" srcset=\"https:\/\/vspoechlarn.ac.at\/wordpress\/wp-content\/uploads\/2024\/12\/PK17B004-Mittel.jpg 1020w, https:\/\/vspoechlarn.ac.at\/wordpress\/wp-content\/uploads\/2024\/12\/PK17B004-Mittel-350x264.jpg 350w, https:\/\/vspoechlarn.ac.at\/wordpress\/wp-content\/uploads\/2024\/12\/PK17B004-Mittel-250x188.jpg 250w\" sizes=\"auto, (max-width: 900px) 100vw, 900px\" \/><\/a>            <\/div>\r\n        <\/div>\r\n    \r\n<\/div>\n","protected":false},"excerpt":{"rendered":"<p>1a Klassenlehrerin: VOL Doris Langer 19 Sch\u00fcler*innen 1b Klassenlehrerin: vVL Nina Ess 18 Sch\u00fcler*innen 2a Klassenlehrerin: VOL Elisabeth Atzm\u00fcller 15 Sch\u00fcler*innen 2b Klassenlehrerin: vVL Michelle Eder 18 Sch\u00fcler*innen 3a Klassenlehrerin: [&hellip;]<\/p>\n","protected":false},"author":1,"featured_media":0,"parent":0,"menu_order":0,"comment_status":"closed","ping_status":"closed","template":"","meta":{"footnotes":""},"class_list":["post-5140","page","type-page","status-publish","hentry"],"_links":{"self":[{"href":"https:\/\/vspoechlarn.ac.at\/wordpress\/wp-json\/wp\/v2\/pages\/5140","targetHints":{"allow":["GET"]}}],"collection":[{"href":"https:\/\/vspoechlarn.ac.at\/wordpress\/wp-json\/wp\/v2\/pages"}],"about":[{"href":"https:\/\/vspoechlarn.ac.at\/wordpress\/wp-json\/wp\/v2\/types\/page"}],"author":[{"embeddable":true,"href":"https:\/\/vspoechlarn.ac.at\/wordpress\/wp-json\/wp\/v2\/users\/1"}],"replies":[{"embeddable":true,"href":"https:\/\/vspoechlarn.ac.at\/wordpress\/wp-json\/wp\/v2\/comments?post=5140"}],"version-history":[{"count":7,"href":"https:\/\/vspoechlarn.ac.at\/wordpress\/wp-json\/wp\/v2\/pages\/5140\/revisions"}],"predecessor-version":[{"id":5182,"href":"https:\/\/vspoechlarn.ac.at\/wordpress\/wp-json\/wp\/v2\/pages\/5140\/revisions\/5182"}],"wp:attachment":[{"href":"https:\/\/vspoechlarn.ac.at\/wordpress\/wp-json\/wp\/v2\/media?parent=5140"}],"curies":[{"name":"wp","href":"https:\/\/api.w.org\/{rel}","templated":true}]}}