{"id":3408,"date":"2021-09-04T09:13:09","date_gmt":"2021-09-04T07:13:09","guid":{"rendered":"http:\/\/vspoechlarn.ac.at\/wordpress\/?page_id=3408"},"modified":"2021-09-14T13:13:48","modified_gmt":"2021-09-14T11:13:48","slug":"2020-21","status":"publish","type":"page","link":"https:\/\/vspoechlarn.ac.at\/wordpress\/2020-21\/","title":{"rendered":"2020-21"},"content":{"rendered":"<h1>1a<\/h1>\n<p>Klassenlehrerin: vOL Doris Langer<\/p>\n<p>Lehrerin: vVL Christina Crepaz (integrative Vorschulgruppe)<\/p>\n<p>17 Sch\u00fclerInnen<\/p>\n<div id=\"gallery_3408_1\" class=\"row\">\r\n\t    \t<div id=\"3408-image-3466\" class=\"col-xs-12 col-sm-4 col-md-4\">\r\n        \t\t\t\t\t\r\n\t\t\t<div class=\"thumbnail\">\r\n        \t\t\t\t\t\r\n\t\t\t\t<a href='https:\/\/vspoechlarn.ac.at\/wordpress\/2020-21\/sony-dsc-274\/'><img loading=\"lazy\" decoding=\"async\" width=\"900\" height=\"602\" src=\"https:\/\/vspoechlarn.ac.at\/wordpress\/wp-content\/uploads\/2021\/09\/DSC05068-1024x685.jpg\" class=\"attachment-large size-large\" alt=\"\" srcset=\"https:\/\/vspoechlarn.ac.at\/wordpress\/wp-content\/uploads\/2021\/09\/DSC05068-1024x685.jpg 1024w, https:\/\/vspoechlarn.ac.at\/wordpress\/wp-content\/uploads\/2021\/09\/DSC05068-350x234.jpg 350w, https:\/\/vspoechlarn.ac.at\/wordpress\/wp-content\/uploads\/2021\/09\/DSC05068-1536x1028.jpg 1536w, https:\/\/vspoechlarn.ac.at\/wordpress\/wp-content\/uploads\/2021\/09\/DSC05068-2048x1371.jpg 2048w, https:\/\/vspoechlarn.ac.at\/wordpress\/wp-content\/uploads\/2021\/09\/DSC05068-scaled.jpg 1613w\" sizes=\"auto, (max-width: 900px) 100vw, 900px\" \/><\/a>            <\/div>\r\n        <\/div>\r\n    \r\n<\/div>\n<hr \/>\n<h1>1b<\/h1>\n<p>Klassenlehrerin: vVL Nina Ess<\/p>\n<p>14 Sch\u00fclerInnen<\/p>\n<div id=\"gallery_3408_2\" class=\"row\">\r\n\t    \t<div id=\"3408-image-3461\" class=\"col-xs-12 col-sm-4 col-md-4\">\r\n        \t\t\t\t\t\r\n\t\t\t<div class=\"thumbnail\">\r\n        \t\t\t\t\t\r\n\t\t\t\t<a href='https:\/\/vspoechlarn.ac.at\/wordpress\/sony-dsc-268\/'><img loading=\"lazy\" decoding=\"async\" width=\"900\" height=\"602\" src=\"https:\/\/vspoechlarn.ac.at\/wordpress\/wp-content\/uploads\/2021\/09\/DSC04900-1024x685.jpg\" class=\"attachment-large size-large\" alt=\"\" srcset=\"https:\/\/vspoechlarn.ac.at\/wordpress\/wp-content\/uploads\/2021\/09\/DSC04900-1024x685.jpg 1024w, https:\/\/vspoechlarn.ac.at\/wordpress\/wp-content\/uploads\/2021\/09\/DSC04900-350x234.jpg 350w, https:\/\/vspoechlarn.ac.at\/wordpress\/wp-content\/uploads\/2021\/09\/DSC04900-1536x1028.jpg 1536w, https:\/\/vspoechlarn.ac.at\/wordpress\/wp-content\/uploads\/2021\/09\/DSC04900-2048x1371.jpg 2048w, https:\/\/vspoechlarn.ac.at\/wordpress\/wp-content\/uploads\/2021\/09\/DSC04900-scaled.jpg 1613w\" sizes=\"auto, (max-width: 900px) 100vw, 900px\" \/><\/a>            <\/div>\r\n        <\/div>\r\n    \r\n<\/div>\n<hr \/>\n<h1>2a<\/h1>\n<p>Klassenlehrerin: VOL Elisabeth Atzm\u00fcller<\/p>\n<p>15 Sch\u00fclerInnen<\/p>\n<div id=\"gallery_3408_3\" class=\"row\">\r\n\t    \t<div id=\"3408-image-3464\" class=\"col-xs-12 col-sm-4 col-md-4\">\r\n        \t\t\t\t\t\r\n\t\t\t<div class=\"thumbnail\">\r\n        \t\t\t\t\t\r\n\t\t\t\t<a href='https:\/\/vspoechlarn.ac.at\/wordpress\/sony-dsc-272\/'><img loading=\"lazy\" decoding=\"async\" width=\"900\" height=\"602\" src=\"https:\/\/vspoechlarn.ac.at\/wordpress\/wp-content\/uploads\/2021\/09\/DSC04954-1024x685.jpg\" class=\"attachment-large size-large\" alt=\"\" srcset=\"https:\/\/vspoechlarn.ac.at\/wordpress\/wp-content\/uploads\/2021\/09\/DSC04954-1024x685.jpg 1024w, https:\/\/vspoechlarn.ac.at\/wordpress\/wp-content\/uploads\/2021\/09\/DSC04954-350x234.jpg 350w, https:\/\/vspoechlarn.ac.at\/wordpress\/wp-content\/uploads\/2021\/09\/DSC04954-1536x1028.jpg 1536w, https:\/\/vspoechlarn.ac.at\/wordpress\/wp-content\/uploads\/2021\/09\/DSC04954-2048x1371.jpg 2048w, https:\/\/vspoechlarn.ac.at\/wordpress\/wp-content\/uploads\/2021\/09\/DSC04954-scaled.jpg 1613w\" sizes=\"auto, (max-width: 900px) 100vw, 900px\" \/><\/a>            <\/div>\r\n        <\/div>\r\n    \r\n<\/div>\n<hr \/>\n<h1>2b<\/h1>\n<p>Klassenlehrerin: vVL Beatrix Haberhauer<\/p>\n<p>16 Sch\u00fclerInnen<\/p>\n<div id=\"gallery_3408_4\" class=\"row\">\r\n\t    \t<div id=\"3408-image-3460\" class=\"col-xs-12 col-sm-4 col-md-4\">\r\n        \t\t\t\t\t\r\n\t\t\t<div class=\"thumbnail\">\r\n        \t\t\t\t\t\r\n\t\t\t\t<a href='https:\/\/vspoechlarn.ac.at\/wordpress\/2020-21\/sony-dsc-265\/'><img loading=\"lazy\" decoding=\"async\" width=\"900\" height=\"602\" src=\"https:\/\/vspoechlarn.ac.at\/wordpress\/wp-content\/uploads\/2021\/09\/DSC04867-1024x685.jpg\" class=\"attachment-large size-large\" alt=\"\" srcset=\"https:\/\/vspoechlarn.ac.at\/wordpress\/wp-content\/uploads\/2021\/09\/DSC04867-1024x685.jpg 1024w, https:\/\/vspoechlarn.ac.at\/wordpress\/wp-content\/uploads\/2021\/09\/DSC04867-350x234.jpg 350w, https:\/\/vspoechlarn.ac.at\/wordpress\/wp-content\/uploads\/2021\/09\/DSC04867-1536x1028.jpg 1536w, https:\/\/vspoechlarn.ac.at\/wordpress\/wp-content\/uploads\/2021\/09\/DSC04867-2048x1371.jpg 2048w, https:\/\/vspoechlarn.ac.at\/wordpress\/wp-content\/uploads\/2021\/09\/DSC04867-scaled.jpg 1613w\" sizes=\"auto, (max-width: 900px) 100vw, 900px\" \/><\/a>            <\/div>\r\n        <\/div>\r\n    \r\n<\/div>\n<hr \/>\n<h1>3a<\/h1>\n<p>Klassenlehrerin: vOL Birgit Rausch<\/p>\n<p>25 Sch\u00fclerInnen<\/p>\n<div id=\"gallery_3408_5\" class=\"row\">\r\n\t    \t<div id=\"3408-image-3463\" class=\"col-xs-12 col-sm-4 col-md-4\">\r\n        \t\t\t\t\t\r\n\t\t\t<div class=\"thumbnail\">\r\n        \t\t\t\t\t\r\n\t\t\t\t<a href='https:\/\/vspoechlarn.ac.at\/wordpress\/sony-dsc-270\/'><img loading=\"lazy\" decoding=\"async\" width=\"900\" height=\"602\" src=\"https:\/\/vspoechlarn.ac.at\/wordpress\/wp-content\/uploads\/2021\/09\/DSC04944-1024x685.jpg\" class=\"attachment-large size-large\" alt=\"\" srcset=\"https:\/\/vspoechlarn.ac.at\/wordpress\/wp-content\/uploads\/2021\/09\/DSC04944-1024x685.jpg 1024w, https:\/\/vspoechlarn.ac.at\/wordpress\/wp-content\/uploads\/2021\/09\/DSC04944-350x234.jpg 350w, https:\/\/vspoechlarn.ac.at\/wordpress\/wp-content\/uploads\/2021\/09\/DSC04944-1536x1028.jpg 1536w, https:\/\/vspoechlarn.ac.at\/wordpress\/wp-content\/uploads\/2021\/09\/DSC04944-2048x1371.jpg 2048w, https:\/\/vspoechlarn.ac.at\/wordpress\/wp-content\/uploads\/2021\/09\/DSC04944-scaled.jpg 1613w\" sizes=\"auto, (max-width: 900px) 100vw, 900px\" \/><\/a>            <\/div>\r\n        <\/div>\r\n    \r\n<\/div>\n<hr \/>\n<h1>3b<\/h1>\n<p>Klassenlehrerin: vVL Maria Steinberger<\/p>\n<p>25 Sch\u00fclerInnen<\/p>\n<div id=\"gallery_3408_6\" class=\"row\">\r\n\t    \t<div id=\"3408-image-3462\" class=\"col-xs-12 col-sm-4 col-md-4\">\r\n        \t\t\t\t\t\r\n\t\t\t<div class=\"thumbnail\">\r\n        \t\t\t\t\t\r\n\t\t\t\t<a href='https:\/\/vspoechlarn.ac.at\/wordpress\/sony-dsc-269\/'><img loading=\"lazy\" decoding=\"async\" width=\"900\" height=\"602\" src=\"https:\/\/vspoechlarn.ac.at\/wordpress\/wp-content\/uploads\/2021\/09\/DSC04934-1024x685.jpg\" class=\"attachment-large size-large\" alt=\"\" srcset=\"https:\/\/vspoechlarn.ac.at\/wordpress\/wp-content\/uploads\/2021\/09\/DSC04934-1024x685.jpg 1024w, https:\/\/vspoechlarn.ac.at\/wordpress\/wp-content\/uploads\/2021\/09\/DSC04934-350x234.jpg 350w, https:\/\/vspoechlarn.ac.at\/wordpress\/wp-content\/uploads\/2021\/09\/DSC04934-1536x1028.jpg 1536w, https:\/\/vspoechlarn.ac.at\/wordpress\/wp-content\/uploads\/2021\/09\/DSC04934-2048x1371.jpg 2048w, https:\/\/vspoechlarn.ac.at\/wordpress\/wp-content\/uploads\/2021\/09\/DSC04934-scaled.jpg 1613w\" sizes=\"auto, (max-width: 900px) 100vw, 900px\" \/><\/a>            <\/div>\r\n        <\/div>\r\n    \r\n<\/div>\n<hr \/>\n<h1>4a<\/h1>\n<p>Klassenlehrerin: vVL Erna Mayrhofer<\/p>\n<p>Integrationslehrerin: vSL Brigitte K\u00f6ck<\/p>\n<p>21 Sch\u00fclerInnen<\/p>\n<div id=\"gallery_3408_7\" class=\"row\">\r\n\t    \t<div id=\"3408-image-3467\" class=\"col-xs-12 col-sm-4 col-md-4\">\r\n        \t\t\t\t\t\r\n\t\t\t<div class=\"thumbnail\">\r\n        \t\t\t\t\t\r\n\t\t\t\t<a href='https:\/\/vspoechlarn.ac.at\/wordpress\/klassenfotosteinmitl\/'><img loading=\"lazy\" decoding=\"async\" width=\"900\" height=\"782\" src=\"https:\/\/vspoechlarn.ac.at\/wordpress\/wp-content\/uploads\/2021\/09\/KlassenfotosteinmitL-1024x890.jpg\" class=\"attachment-large size-large\" alt=\"\" srcset=\"https:\/\/vspoechlarn.ac.at\/wordpress\/wp-content\/uploads\/2021\/09\/KlassenfotosteinmitL-1024x890.jpg 1024w, https:\/\/vspoechlarn.ac.at\/wordpress\/wp-content\/uploads\/2021\/09\/KlassenfotosteinmitL-345x300.jpg 345w, https:\/\/vspoechlarn.ac.at\/wordpress\/wp-content\/uploads\/2021\/09\/KlassenfotosteinmitL-1536x1335.jpg 1536w, https:\/\/vspoechlarn.ac.at\/wordpress\/wp-content\/uploads\/2021\/09\/KlassenfotosteinmitL-2048x1779.jpg 2048w, https:\/\/vspoechlarn.ac.at\/wordpress\/wp-content\/uploads\/2021\/09\/KlassenfotosteinmitL-scaled.jpg 1243w\" sizes=\"auto, (max-width: 900px) 100vw, 900px\" \/><\/a>            <\/div>\r\n        <\/div>\r\n    \r\n<\/div>\n<hr \/>\n<h1>4b<\/h1>\n<p>Klassenlehrerin: vOL Regina Eder<\/p>\n<p>19 Sch\u00fclerInnen<\/p>\n<div id=\"gallery_3408_8\" class=\"row\">\r\n\t    \t<div id=\"3408-image-3465\" class=\"col-xs-12 col-sm-4 col-md-4\">\r\n        \t\t\t\t\t\r\n\t\t\t<div class=\"thumbnail\">\r\n        \t\t\t\t\t\r\n\t\t\t\t<a href='https:\/\/vspoechlarn.ac.at\/wordpress\/sony-dsc-273\/'><img loading=\"lazy\" decoding=\"async\" width=\"900\" height=\"602\" src=\"https:\/\/vspoechlarn.ac.at\/wordpress\/wp-content\/uploads\/2021\/09\/DSC04966-1024x685.jpg\" class=\"attachment-large size-large\" alt=\"\" srcset=\"https:\/\/vspoechlarn.ac.at\/wordpress\/wp-content\/uploads\/2021\/09\/DSC04966-1024x685.jpg 1024w, https:\/\/vspoechlarn.ac.at\/wordpress\/wp-content\/uploads\/2021\/09\/DSC04966-350x234.jpg 350w, https:\/\/vspoechlarn.ac.at\/wordpress\/wp-content\/uploads\/2021\/09\/DSC04966-1536x1028.jpg 1536w, https:\/\/vspoechlarn.ac.at\/wordpress\/wp-content\/uploads\/2021\/09\/DSC04966-2048x1371.jpg 2048w, https:\/\/vspoechlarn.ac.at\/wordpress\/wp-content\/uploads\/2021\/09\/DSC04966-scaled.jpg 1613w\" sizes=\"auto, (max-width: 900px) 100vw, 900px\" \/><\/a>            <\/div>\r\n        <\/div>\r\n    \r\n<\/div>\n","protected":false},"excerpt":{"rendered":"<p>1a Klassenlehrerin: vOL Doris Langer Lehrerin: vVL Christina Crepaz (integrative Vorschulgruppe) 17 Sch\u00fclerInnen 1b Klassenlehrerin: vVL Nina Ess 14 Sch\u00fclerInnen 2a Klassenlehrerin: VOL Elisabeth Atzm\u00fcller 15 Sch\u00fclerInnen 2b Klassenlehrerin: vVL [&hellip;]<\/p>\n","protected":false},"author":1,"featured_media":0,"parent":0,"menu_order":0,"comment_status":"closed","ping_status":"closed","template":"","meta":{"footnotes":""},"class_list":["post-3408","page","type-page","status-publish","hentry"],"_links":{"self":[{"href":"https:\/\/vspoechlarn.ac.at\/wordpress\/wp-json\/wp\/v2\/pages\/3408","targetHints":{"allow":["GET"]}}],"collection":[{"href":"https:\/\/vspoechlarn.ac.at\/wordpress\/wp-json\/wp\/v2\/pages"}],"about":[{"href":"https:\/\/vspoechlarn.ac.at\/wordpress\/wp-json\/wp\/v2\/types\/page"}],"author":[{"embeddable":true,"href":"https:\/\/vspoechlarn.ac.at\/wordpress\/wp-json\/wp\/v2\/users\/1"}],"replies":[{"embeddable":true,"href":"https:\/\/vspoechlarn.ac.at\/wordpress\/wp-json\/wp\/v2\/comments?post=3408"}],"version-history":[{"count":10,"href":"https:\/\/vspoechlarn.ac.at\/wordpress\/wp-json\/wp\/v2\/pages\/3408\/revisions"}],"predecessor-version":[{"id":3475,"href":"https:\/\/vspoechlarn.ac.at\/wordpress\/wp-json\/wp\/v2\/pages\/3408\/revisions\/3475"}],"wp:attachment":[{"href":"https:\/\/vspoechlarn.ac.at\/wordpress\/wp-json\/wp\/v2\/media?parent=3408"}],"curies":[{"name":"wp","href":"https:\/\/api.w.org\/{rel}","templated":true}]}}